{"id":211,"date":"2021-07-28T11:06:56","date_gmt":"2021-07-28T14:06:56","guid":{"rendered":"https:\/\/southerntradebureau.com\/web\/inicio\/"},"modified":"2021-08-05T11:49:43","modified_gmt":"2021-08-05T14:49:43","slug":"inicio","status":"publish","type":"page","link":"https:\/\/southerntradebureau.com\/pt-br\/","title":{"rendered":"Inicio"},"content":{"rendered":"<p>[vc_row full_width=&#8221;stretch_row&#8221; full_height=&#8221;yes&#8221; content_placement=&#8221;bottom&#8221; awb_type=&#8221;image&#8221; awb_image_background_position=&#8221;30% 50%&#8221; awb_parallax=&#8221;scroll&#8221; awb_parallax_speed=&#8221;0.5&#8243; awb_parallax_mobile=&#8221;1&#8243; css=&#8221;.vc_custom_1627590850432{padding-top: 300px !important;}&#8221; awb_image=&#8221;165&#8243;][vc_column][vc_row_inner][vc_column_inner offset=&#8221;vc_hidden-xs&#8221;][vc_column_text]<\/p>\n<h1><span style=\"color: #ffffff; text-shadow: #555555 1px 0 5px;\">Comercializamos<\/span><br \/>\n<span style=\"color: #ffffff; text-shadow: #555555 1px 0 5px;\">mat\u00e9rias-primas na<\/span><br \/>\n<span style=\"color: #ffffff; text-shadow: #555555 1px 0 5px;\">Am\u00e9rica Latina<\/span><br \/>\n<span style=\"color: #ffffff; text-shadow: #555555 1px 0 5px;\">\u2014<\/span><\/h1>\n<h4><span style=\"color: #ffffff; text-shadow: #555555 1px 0 5px;\">CARNE \/ VINHOS \/ A\u00c7\u00daCAR \/<\/span><br \/>\n<span style=\"color: #ffffff; text-shadow: #555555 1px 0 5px;\">FRUTOS DO MAR \/ MADEIRA<\/span><\/h4>\n<p>[\/vc_column_text][\/vc_column_inner][\/vc_row_inner][vc_row_inner][vc_column_inner offset=&#8221;vc_hidden-lg vc_hidden-md vc_hidden-sm&#8221;][vc_column_text]<\/p>\n<h3><span style=\"color: #ffffff; text-shadow: #555555 1px 0 5px;\">Comercializamos<\/span><br \/>\n<span style=\"color: #ffffff; text-shadow: #555555 1px 0 5px;\">mat\u00e9rias-primas na<\/span><br \/>\n<span style=\"color: #ffffff; text-shadow: #555555 1px 0 5px;\">Am\u00e9rica Latina<\/span><br \/>\n<span style=\"color: #ffffff; text-shadow: #555555 1px 0 5px;\">\u2014<\/span><\/h3>\n<h5><span style=\"color: #ffffff; text-shadow: #555555 1px 0 5px;\">CARNE \/ VINHOS \/ A\u00c7\u00daCAR \/<\/span><br \/>\n<span style=\"color: #ffffff; text-shadow: #555555 1px 0 5px;\">FRUTOS DO MAR \/ MADEIRA<\/span><\/h5>\n<p>[\/vc_column_text][\/vc_column_inner][\/vc_row_inner][\/vc_column][\/vc_row][vc_row css=&#8221;.vc_custom_1627574426989{padding-top: 60px !important;}&#8221; el_id=&#8221;empresa&#8221;][vc_column width=&#8221;2\/3&#8243;][vc_column_text]<\/p>\n<h3>A empresa<br \/>\n\u2014<\/h3>\n<p><span style=\"font-weight: 400;\">Southern Trade Bureau \u00e9 uma empresa criada com o objetivo de fornecer servi\u00e7os comerciais de mat\u00e9rias-primas e ser uma empresa que promove e incentiva o mercado latino-americano. Temos uma forte presen\u00e7a na regi\u00e3o em produtos como a\u00e7\u00facar, carne, arroz, madeira, frutos do mar e vinhos de toda Am\u00e9rica do Sul. Com base no s\u00f3lido crescimento na Am\u00e9rica Latina, estamos diversificando nossos mercados, onde novos projetos come\u00e7ar\u00e3o a vincular-nos a Asia e a Europa.<\/span><\/p>\n<p><span style=\"font-weight: 400;\">Nos posicionamos como um s\u00f3cio confi\u00e1vel, servindo como intermedi\u00e1rio entre fornecedores e clientes, mantendo um contato fluido entre as partes, obtendo assim rela\u00e7\u00f5es s\u00f3lidas, de confian\u00e7a e proximidade.<\/span><\/p>\n<p><span style=\"font-weight: 400;\">Nossa empresa \u00e9 formada por profissionais com grande experi\u00eancia na \u00e1rea de neg\u00f3cios internacionais, que se adaptam \u00e0s necessidades do mercado garantindo um servi\u00e7o de excel\u00eancia.<\/span><\/p>\n<p><span style=\"font-weight: 400;\">Nosso objetivo principal \u00e9 ser uma empresa que ultrapasse as necessidades dos seus clientes. Para isso, nosso conhecimento e treinamento em comercio internacional nos permite oferecer um servi\u00e7o que fornece os produtos desejados em tempo e forma.<\/span>[\/vc_column_text][\/vc_column][vc_column width=&#8221;1\/3&#8243; offset=&#8221;vc_hidden-sm vc_hidden-xs&#8221;][vc_single_image image=&#8221;61&#8243; img_size=&#8221;270&#215;360&#8243; alignment=&#8221;center&#8221; css_animation=&#8221;bounceInLeft&#8221;][\/vc_column][\/vc_row][vc_row gap=&#8221;30&#8243; content_placement=&#8221;top&#8221; css=&#8221;.vc_custom_1627492890275{padding-bottom: 60px !important;}&#8221;][vc_column width=&#8221;1\/2&#8243; css=&#8221;.vc_custom_1627495305258{padding-top: 20px !important;padding-right: 20px !important;padding-bottom: 20px !important;padding-left: 20px !important;background-color: #1c75bc !important;border-radius: 10px !important;}&#8221; el_class=&#8221;margin10&#8243;][vc_column_text css=&#8221;.vc_custom_1628174741559{margin-bottom: 0px !important;padding-bottom: 0px !important;}&#8221;]<\/p>\n<h4><span style=\"color: #ffffff;\">A nossa miss\u00e3o<\/span><br \/>\n<span style=\"color: #ffffff;\">\u2014<\/span><\/h4>\n<p><span style=\"font-weight: 400; color: #ffffff;\">Nosso principal objetivo comercial \u00e9 ser o melhor fornecedor para os nossos clientes no mundo todo. Atrav\u00e9s de nosso trabalho, facilitamos suas opera\u00e7\u00f5es comerciais e log\u00edsticas, prestando-lhes um servi\u00e7o que permita a sua empresa atravessar fronteiras.<\/span>[\/vc_column_text][\/vc_column][vc_column width=&#8221;1\/2&#8243; css=&#8221;.vc_custom_1627495313375{padding-top: 20px !important;padding-right: 20px !important;padding-bottom: 20px !important;padding-left: 20px !important;background-color: #dddddd !important;border-radius: 10px !important;}&#8221; el_class=&#8221;margin10&#8243;][vc_column_text css=&#8221;.vc_custom_1628174856924{margin-bottom: 0px !important;padding-bottom: 0px !important;}&#8221;]<\/p>\n<h4>A nossa vis\u00e3o<br \/>\n\u2014<\/h4>\n<p><span style=\"font-weight: 400;\">Manter uma perspectiva comercial global e integral que permita adaptar-nos \u00e0s necessidades do mercado e, encontrar e oferecer o nosso melhor servi\u00e7o, atrav\u00e9s do acesso aos produtos mais adequados em pre\u00e7o e superiores em qualidade.<\/span><\/p>\n<p><span style=\"font-weight: 400;\">Al\u00e9m disso, garantir um trabalho integro que mantenha rela\u00e7\u00f5es s\u00f3lidas, de confian\u00e7a e proximidade com os nossos fornecedores e clientes.<\/span>[\/vc_column_text][\/vc_column][\/vc_row][vc_row awb_type=&#8221;image&#8221; awb_stretch=&#8221;1&#8243; awb_image_background_position=&#8221;50% 50%&#8221; awb_color=&#8221;rgba(0,0,0,0.6)&#8221; awb_parallax=&#8221;scroll&#8221; awb_parallax_speed=&#8221;0.5&#8243; awb_parallax_mobile=&#8221;1&#8243; css=&#8221;.vc_custom_1627574442111{padding-top: 60px !important;padding-bottom: 30px !important;}&#8221; awb_image=&#8221;64&#8243; el_id=&#8221;servicios&#8221;][vc_column width=&#8221;2\/3&#8243;][vc_column_text]<\/p>\n<h3><span style=\"color: #ffffff;\">Servi\u00e7os<\/span><br \/>\n<span style=\"color: #ffffff;\">\u2014<\/span><\/h3>\n<p><span style=\"font-weight: 400; color: #ffffff;\">Somos uma empresa que fornece servi\u00e7os de comercializa\u00e7\u00e3o de commodities, tais como: a\u00e7\u00facar, vinho, arroz, madeira, carne e frutos do mar.<\/span><\/p>\n<p><span style=\"font-weight: 400; color: #ffffff;\">Nos adaptamos \u00e0s necessidades de cada um dos nossos clientes para personalizar nossas ofertas, permitindo uma simples comercializa\u00e7\u00e3o. Um executivo de conta oferece aten\u00e7\u00e3o personalizada 24 horas por dia e uma prestigiosa variedade de fornecedores oferecem produtos de alta qualidade.<\/span><\/p>\n<p><span style=\"font-weight: 400; color: #ffffff;\">Proporcionamos um servi\u00e7o completo e integral de neg\u00f3cio, realizamos uma gest\u00e3o integral da documenta\u00e7\u00e3o relacionada ao com\u00e9rcio exterior, supervisionamos e oferecemos assist\u00eancia t\u00e9cnica em todo o processo log\u00edstico do com\u00e9rcio internacional, tanto na exporta\u00e7\u00e3o como na importa\u00e7\u00e3o.<\/span><\/p>\n<p><span style=\"font-weight: 400; color: #ffffff;\">Nossa experi\u00eancia e conhecimento dos mercados com os quais trabalhamos s\u00e3o reconhecidos e nos permitem assessorar aos nossos clientes sobre as prefer\u00eancias aduaneiras existentes entre os pa\u00edses, e poss\u00edveis projetos e oportunidades de crescimento de neg\u00f3cios, a fim de mant\u00ea-los na vanguarda.<\/span>[\/vc_column_text][\/vc_column][vc_column width=&#8221;1\/3&#8243;][\/vc_column][\/vc_row][vc_row full_width=&#8221;stretch_row&#8221; css=&#8221;.vc_custom_1627494356818{padding-top: 60px !important;}&#8221;][vc_column width=&#8221;1\/6&#8243;][\/vc_column][vc_column width=&#8221;2\/3&#8243;][vc_column_text css=&#8221;.vc_custom_1627879960458{margin-bottom: 0px !important;padding-bottom: 0px !important;}&#8221;]<\/p>\n<h3 style=\"text-align: center;\">Presen\u00e7a comercial<br \/>\n\u2014<\/h3>\n<p>[\/vc_column_text][vc_single_image image=&#8221;73&#8243; img_size=&#8221;full&#8221; alignment=&#8221;center&#8221; css_animation=&#8221;bounceInUp&#8221; css=&#8221;.vc_custom_1627494290605{margin-top: 0px !important;padding-top: 0px !important;}&#8221;][\/vc_column][vc_column width=&#8221;1\/6&#8243;][\/vc_column][\/vc_row][vc_row full_width=&#8221;stretch_row&#8221; awb_type=&#8221;image&#8221; awb_stretch=&#8221;1&#8243; awb_image_background_position=&#8221;50% 50%&#8221; awb_color=&#8221;rgba(255,255,255,0.85)&#8221; awb_parallax=&#8221;scroll&#8221; awb_parallax_speed=&#8221;0.5&#8243; awb_parallax_mobile=&#8221;1&#8243; awb_image=&#8221;112&#8243; css=&#8221;.vc_custom_1627574460775{padding-top: 60px !important;padding-bottom: 60px !important;}&#8221; el_id=&#8221;productos&#8221;][vc_column][vc_row_inner css=&#8221;.vc_custom_1627510595631{margin-top: 0px !important;margin-bottom: 0px !important;padding-top: 0px !important;padding-bottom: 0px !important;}&#8221;][vc_column_inner width=&#8221;1\/6&#8243;][\/vc_column_inner][vc_column_inner width=&#8221;2\/3&#8243;][vc_column_text css=&#8221;.vc_custom_1627879974089{margin-bottom: 0px !important;padding-bottom: 20px !important;}&#8221;]<\/p>\n<h3 style=\"text-align: center;\">Produtos<br \/>\n\u2014<\/h3>\n<p>[\/vc_column_text][\/vc_column_inner][vc_column_inner width=&#8221;1\/6&#8243;][\/vc_column_inner][\/vc_row_inner][vc_row_inner css=&#8221;.vc_custom_1627510608981{margin-top: 0px !important;margin-bottom: 0px !important;padding-top: 0px !important;padding-bottom: 0px !important;}&#8221;][vc_column_inner width=&#8221;1\/5&#8243;][vc_single_image image=&#8221;90&#8243; img_size=&#8221;full&#8221; alignment=&#8221;center&#8221; style=&#8221;vc_box_outline_circle_2&#8243; border_color=&#8221;white&#8221; css=&#8221;.vc_custom_1627509813913{margin-bottom: 0px !important;padding-bottom: 20px !important;}&#8221;][vc_column_text css=&#8221;.vc_custom_1628174883924{margin-top: 0px !important;padding-top: 0px !important;}&#8221;]<\/p>\n<p style=\"text-align: center;\"><strong>CARNE<br \/>\n\u2014<br \/>\n<\/strong>Estamos orgulhosos da qualidade e excel\u00eancia das nossas carnes, principalmente fornecidas pelas companhias de abate mais qualificadas da Am\u00e9rica do Sul.<\/p>\n<p>[\/vc_column_text][\/vc_column_inner][vc_column_inner width=&#8221;1\/5&#8243;][vc_single_image image=&#8221;93&#8243; img_size=&#8221;full&#8221; alignment=&#8221;center&#8221; style=&#8221;vc_box_outline_circle_2&#8243; border_color=&#8221;white&#8221; css=&#8221;.vc_custom_1627509909769{margin-bottom: 0px !important;padding-bottom: 20px !important;}&#8221;][vc_column_text css=&#8221;.vc_custom_1628174899746{margin-top: 0px !important;padding-top: 0px !important;}&#8221;]<\/p>\n<p style=\"text-align: center;\"><strong>VINHOS<br \/>\n\u2014<br \/>\n<\/strong>Fornecemos uma gama muito interessante e vasta de vinhos produzidos em v\u00e1rias regi\u00f5es da Am\u00e9rica do Sul.<\/p>\n<p>[\/vc_column_text][\/vc_column_inner][vc_column_inner width=&#8221;1\/5&#8243;][vc_single_image image=&#8221;96&#8243; img_size=&#8221;full&#8221; alignment=&#8221;center&#8221; style=&#8221;vc_box_outline_circle_2&#8243; border_color=&#8221;white&#8221; css=&#8221;.vc_custom_1627510045156{margin-bottom: 0px !important;padding-bottom: 20px !important;}&#8221;][vc_column_text css=&#8221;.vc_custom_1628174913354{margin-top: 0px !important;padding-top: 0px !important;}&#8221;]<\/p>\n<p style=\"text-align: center;\"><strong>A\u00c7\u00daCAR<br \/>\n\u2014<br \/>\n<\/strong>Oferecemos aos nossos clientes diferentes tipos de a\u00e7\u00facar de fornecedores brasileiros de prest\u00edgio.<\/p>\n<p>[\/vc_column_text][\/vc_column_inner][vc_column_inner width=&#8221;1\/5&#8243;][vc_single_image image=&#8221;102&#8243; img_size=&#8221;full&#8221; alignment=&#8221;center&#8221; style=&#8221;vc_box_outline_circle_2&#8243; border_color=&#8221;white&#8221; css=&#8221;.vc_custom_1627510076517{margin-bottom: 0px !important;padding-bottom: 20px !important;}&#8221;][vc_column_text css=&#8221;.vc_custom_1628174926898{margin-top: 0px !important;padding-top: 0px !important;}&#8221;]<\/p>\n<p style=\"text-align: center;\"><strong>FRUTOS DO MAR<br \/>\n\u2014<br \/>\n<\/strong><span style=\"font-weight: 400;\">Temos uma ampla oferta de peixes e mariscos.<\/span><\/p>\n<p>[\/vc_column_text][\/vc_column_inner][vc_column_inner width=&#8221;1\/5&#8243;][vc_single_image image=&#8221;99&#8243; img_size=&#8221;full&#8221; alignment=&#8221;center&#8221; style=&#8221;vc_box_outline_circle_2&#8243; border_color=&#8221;white&#8221; css=&#8221;.vc_custom_1627510094788{margin-bottom: 0px !important;padding-bottom: 20px !important;}&#8221;][vc_column_text css=&#8221;.vc_custom_1628174940456{margin-top: 0px !important;padding-top: 0px !important;}&#8221;]<\/p>\n<p style=\"text-align: center;\"><strong>MADEIRA<br \/>\n\u2014<br \/>\n<\/strong>Exportamos do Uruguai t\u00e1buas de pinho serrado, para a constru\u00e7\u00e3o e outros usos, com tamanhos diferentes.<\/p>\n<p>[\/vc_column_text][\/vc_column_inner][\/vc_row_inner][vc_row_inner css=&#8221;.vc_custom_1627512469815{padding-top: 20px !important;}&#8221;][vc_column_inner width=&#8221;1\/6&#8243;][\/vc_column_inner][vc_column_inner width=&#8221;2\/3&#8243;][vc_column_text css=&#8221;.vc_custom_1628174964155{margin-bottom: 0px !important;padding-bottom: 0px !important;}&#8221;]<\/p>\n<h4 style=\"text-align: center;\">Outros produtos<br \/>\n\u2014<\/h4>\n<p class=\"p1\" style=\"text-align: center;\"><strong>Por favor n\u00e3o hesite a entrar em contato para obter informa\u00e7\u00f5es sobre os nossos produtos, ou para esclarecer qualquer d\u00favida. Teremos o maior prazer em ajud\u00e1-lo!<\/strong><\/p>\n<p>[\/vc_column_text][\/vc_column_inner][vc_column_inner width=&#8221;1\/6&#8243;][\/vc_column_inner][\/vc_row_inner][\/vc_column][\/vc_row][vc_row css=&#8221;.vc_custom_1627574048284{padding-top: 40px !important;}&#8221;][vc_column][vc_column_text]<\/p>\n<p style=\"text-align: center;\">Eles confiam em n\u00f3s<br \/>\n\u2014<br \/>\n<div  class=\"lgx_logo_slider_app_wrapper lgx-logo-slider-wp\"><div class=\"lgx-logo-wrapper  nav-position-v-mid-hover hover-zoomin\"  ><div class=\"owl-carousel lgx-logo-carousel\"  data-autoplaytimeout=\"2000\"  data-autoplayspeed=\"1000\"  data-margin=\"10\"  data-loop=\"true\"  data-autoplay=\"true\"  data-autoplayhoverpause=\"false\"  data-dots=\"true\"  data-itemlarge=\"7\"  data-itemdesk=\"7\"  data-itemtablet=\"7\"  data-itemmobile=\"2\"  data-navlarge=\"true\"  data-navdesk=\"true\"  data-navtablet=\"true\"  data-navmobile=\"true\"  ><div class=\"item lgx-log-item\" ><div class=\"lgx-logo-item\" ><img decoding=\"async\" class=\"lgx-logo-img skip-lazy\" src=\"https:\/\/southerntradebureau.com\/web\/wp-content\/uploads\/2021\/07\/proa.jpg\" style=\"max-width: 350px;max-height: 350px;\"   alt=\"\" title=\"Company\" \/><\/div><\/div><div class=\"item lgx-log-item\" ><div class=\"lgx-logo-item\" ><img decoding=\"async\" class=\"lgx-logo-img skip-lazy\" src=\"https:\/\/southerntradebureau.com\/web\/wp-content\/uploads\/2021\/07\/marfrig.jpg\" style=\"max-width: 350px;max-height: 350px;\"   alt=\"\" title=\"Company\" \/><\/div><\/div><div class=\"item lgx-log-item\" ><div class=\"lgx-logo-item\" ><img decoding=\"async\" class=\"lgx-logo-img skip-lazy\" src=\"https:\/\/southerntradebureau.com\/web\/wp-content\/uploads\/2021\/07\/hp.jpg\" style=\"max-width: 350px;max-height: 350px;\"   alt=\"\" title=\"Company\" \/><\/div><\/div><div class=\"item lgx-log-item\" ><div class=\"lgx-logo-item\" ><img decoding=\"async\" class=\"lgx-logo-img skip-lazy\" src=\"https:\/\/southerntradebureau.com\/web\/wp-content\/uploads\/2021\/07\/raizen.jpg\" style=\"max-width: 350px;max-height: 350px;\"   alt=\"\" title=\"Company\" \/><\/div><\/div><div class=\"item lgx-log-item\" ><div class=\"lgx-logo-item\" ><img decoding=\"async\" class=\"lgx-logo-img skip-lazy\" src=\"https:\/\/southerntradebureau.com\/web\/wp-content\/uploads\/2021\/07\/moxion.jpg\" style=\"max-width: 350px;max-height: 350px;\"   alt=\"\" title=\"Company\" \/><\/div><\/div><div class=\"item lgx-log-item\" ><div class=\"lgx-logo-item\" ><img decoding=\"async\" class=\"lgx-logo-img skip-lazy\" src=\"https:\/\/southerntradebureau.com\/web\/wp-content\/uploads\/2021\/07\/grupomoreno.jpg\" style=\"max-width: 350px;max-height: 350px;\"   alt=\"\" title=\"Company\" \/><\/div><\/div><div class=\"item lgx-log-item\" ><div class=\"lgx-logo-item\" ><img decoding=\"async\" class=\"lgx-logo-img skip-lazy\" src=\"https:\/\/southerntradebureau.com\/web\/wp-content\/uploads\/2021\/07\/copresucar.jpg\" style=\"max-width: 350px;max-height: 350px;\"   alt=\"\" title=\"Company\" \/><\/div><\/div><\/div><\/div><\/div>\n<p>[\/vc_column_text][\/vc_column][\/vc_row]<\/p>\n","protected":false},"excerpt":{"rendered":"<p>[vc_row full_width=&#8221;stretch_row&#8221; full_height=&#8221;yes&#8221; content_placement=&#8221;bottom&#8221; awb_type=&#8221;image&#8221; awb_image_background_position=&#8221;30% 50%&#8221; awb_parallax=&#8221;scroll&#8221; awb_parallax_speed=&#8221;0.5&#8243; awb_parallax_mobile=&#8221;1&#8243; css=&#8221;.vc_custom_1627590850432{padding-top: 300px !important;}&#8221; awb_image=&#8221;165&#8243;][vc_column][vc_row_inner][vc_column_inner offset=&#8221;vc_hidden-xs&#8221;][vc_column_text] Comercializamos mat\u00e9rias-primas na Am\u00e9rica Latina \u2014 CARNE \/ VINHOS \/ A\u00c7\u00daCAR \/ FRUTOS DO MAR \/ MADEIRA [\/vc_column_text][\/vc_column_inner][\/vc_row_inner][vc_row_inner][vc_column_inner offset=&#8221;vc_hidden-lg vc_hidden-md vc_hidden-sm&#8221;][vc_column_text] Comercializamos mat\u00e9rias-primas na Am\u00e9rica Latina \u2014 CARNE \/ VINHOS \/ A\u00c7\u00daCAR \/ FRUTOS DO MAR \/ MADEIRA [\/vc_column_text][\/vc_column_inner][\/vc_row_inner][\/vc_column][\/vc_row][vc_row css=&#8221;.vc_custom_1627574426989{padding-top:&hellip;<\/p>\n","protected":false},"author":1,"featured_media":0,"parent":0,"menu_order":0,"comment_status":"closed","ping_status":"closed","template":"","meta":{"footnotes":""},"class_list":["post-211","page","type-page","status-publish","hentry"],"yoast_head":"<!-- This site is optimized with the Yoast SEO plugin v20.0 - https:\/\/yoast.com\/wordpress\/plugins\/seo\/ -->\n<title>Inicio - Southern Trade Bureau<\/title>\n<meta name=\"robots\" content=\"index, follow, max-snippet:-1, max-image-preview:large, max-video-preview:-1\" \/>\n<link rel=\"canonical\" href=\"https:\/\/southerntradebureau.com\/pt-br\/\" \/>\n<meta property=\"og:locale\" content=\"pt_BR\" \/>\n<meta property=\"og:type\" content=\"article\" \/>\n<meta property=\"og:title\" content=\"Inicio - Southern Trade Bureau\" \/>\n<meta property=\"og:description\" content=\"[vc_row full_width=&#8221;stretch_row&#8221; full_height=&#8221;yes&#8221; content_placement=&#8221;bottom&#8221; awb_type=&#8221;image&#8221; awb_image_background_position=&#8221;30% 50%&#8221; awb_parallax=&#8221;scroll&#8221; awb_parallax_speed=&#8221;0.5&#8243; awb_parallax_mobile=&#8221;1&#8243; css=&#8221;.vc_custom_1627590850432{padding-top: 300px !important;}&#8221; awb_image=&#8221;165&#8243;][vc_column][vc_row_inner][vc_column_inner offset=&#8221;vc_hidden-xs&#8221;][vc_column_text] Comercializamos mat\u00e9rias-primas na Am\u00e9rica Latina \u2014 CARNE \/ VINHOS \/ A\u00c7\u00daCAR \/ FRUTOS DO MAR \/ MADEIRA [\/vc_column_text][\/vc_column_inner][\/vc_row_inner][vc_row_inner][vc_column_inner offset=&#8221;vc_hidden-lg vc_hidden-md vc_hidden-sm&#8221;][vc_column_text] Comercializamos mat\u00e9rias-primas na Am\u00e9rica Latina \u2014 CARNE \/ VINHOS \/ A\u00c7\u00daCAR \/ FRUTOS DO MAR \/ MADEIRA [\/vc_column_text][\/vc_column_inner][\/vc_row_inner][\/vc_column][\/vc_row][vc_row css=&#8221;.vc_custom_1627574426989{padding-top:&hellip;\" \/>\n<meta property=\"og:url\" content=\"https:\/\/southerntradebureau.com\/pt-br\/\" \/>\n<meta property=\"og:site_name\" content=\"Southern Trade Bureau\" \/>\n<meta property=\"article:modified_time\" content=\"2021-08-05T14:49:43+00:00\" \/>\n<meta name=\"twitter:card\" content=\"summary_large_image\" \/>\n<meta name=\"twitter:label1\" content=\"Est. tempo de leitura\" \/>\n\t<meta name=\"twitter:data1\" content=\"4 minutos\" \/>\n<script type=\"application\/ld+json\" class=\"yoast-schema-graph\">{\"@context\":\"https:\/\/schema.org\",\"@graph\":[{\"@type\":\"WebPage\",\"@id\":\"https:\/\/southerntradebureau.com\/pt-br\/\",\"url\":\"https:\/\/southerntradebureau.com\/pt-br\/\",\"name\":\"Inicio - Southern Trade Bureau\",\"isPartOf\":{\"@id\":\"https:\/\/southerntradebureau.com\/pt-br\/#website\"},\"datePublished\":\"2021-07-28T14:06:56+00:00\",\"dateModified\":\"2021-08-05T14:49:43+00:00\",\"breadcrumb\":{\"@id\":\"https:\/\/southerntradebureau.com\/pt-br\/#breadcrumb\"},\"inLanguage\":\"pt-BR\",\"potentialAction\":[{\"@type\":\"ReadAction\",\"target\":[\"https:\/\/southerntradebureau.com\/pt-br\/\"]}]},{\"@type\":\"BreadcrumbList\",\"@id\":\"https:\/\/southerntradebureau.com\/pt-br\/#breadcrumb\",\"itemListElement\":[{\"@type\":\"ListItem\",\"position\":1,\"name\":\"Home\",\"item\":\"https:\/\/southerntradebureau.com\/pt-br\/inicio\/\"},{\"@type\":\"ListItem\",\"position\":2,\"name\":\"Inicio\"}]},{\"@type\":\"WebSite\",\"@id\":\"https:\/\/southerntradebureau.com\/pt-br\/#website\",\"url\":\"https:\/\/southerntradebureau.com\/pt-br\/\",\"name\":\"Southern Trade Bureau\",\"description\":\"\",\"potentialAction\":[{\"@type\":\"SearchAction\",\"target\":{\"@type\":\"EntryPoint\",\"urlTemplate\":\"https:\/\/southerntradebureau.com\/pt-br\/?s={search_term_string}\"},\"query-input\":\"required name=search_term_string\"}],\"inLanguage\":\"pt-BR\"}]}<\/script>\n<!-- \/ Yoast SEO plugin. -->","yoast_head_json":{"title":"Inicio - Southern Trade Bureau","robots":{"index":"index","follow":"follow","max-snippet":"max-snippet:-1","max-image-preview":"max-image-preview:large","max-video-preview":"max-video-preview:-1"},"canonical":"https:\/\/southerntradebureau.com\/pt-br\/","og_locale":"pt_BR","og_type":"article","og_title":"Inicio - Southern Trade Bureau","og_description":"[vc_row full_width=&#8221;stretch_row&#8221; full_height=&#8221;yes&#8221; content_placement=&#8221;bottom&#8221; awb_type=&#8221;image&#8221; awb_image_background_position=&#8221;30% 50%&#8221; awb_parallax=&#8221;scroll&#8221; awb_parallax_speed=&#8221;0.5&#8243; awb_parallax_mobile=&#8221;1&#8243; css=&#8221;.vc_custom_1627590850432{padding-top: 300px !important;}&#8221; awb_image=&#8221;165&#8243;][vc_column][vc_row_inner][vc_column_inner offset=&#8221;vc_hidden-xs&#8221;][vc_column_text] Comercializamos mat\u00e9rias-primas na Am\u00e9rica Latina \u2014 CARNE \/ VINHOS \/ A\u00c7\u00daCAR \/ FRUTOS DO MAR \/ MADEIRA [\/vc_column_text][\/vc_column_inner][\/vc_row_inner][vc_row_inner][vc_column_inner offset=&#8221;vc_hidden-lg vc_hidden-md vc_hidden-sm&#8221;][vc_column_text] Comercializamos mat\u00e9rias-primas na Am\u00e9rica Latina \u2014 CARNE \/ VINHOS \/ A\u00c7\u00daCAR \/ FRUTOS DO MAR \/ MADEIRA [\/vc_column_text][\/vc_column_inner][\/vc_row_inner][\/vc_column][\/vc_row][vc_row css=&#8221;.vc_custom_1627574426989{padding-top:&hellip;","og_url":"https:\/\/southerntradebureau.com\/pt-br\/","og_site_name":"Southern Trade Bureau","article_modified_time":"2021-08-05T14:49:43+00:00","twitter_card":"summary_large_image","twitter_misc":{"Est. tempo de leitura":"4 minutos"},"schema":{"@context":"https:\/\/schema.org","@graph":[{"@type":"WebPage","@id":"https:\/\/southerntradebureau.com\/pt-br\/","url":"https:\/\/southerntradebureau.com\/pt-br\/","name":"Inicio - Southern Trade Bureau","isPartOf":{"@id":"https:\/\/southerntradebureau.com\/pt-br\/#website"},"datePublished":"2021-07-28T14:06:56+00:00","dateModified":"2021-08-05T14:49:43+00:00","breadcrumb":{"@id":"https:\/\/southerntradebureau.com\/pt-br\/#breadcrumb"},"inLanguage":"pt-BR","potentialAction":[{"@type":"ReadAction","target":["https:\/\/southerntradebureau.com\/pt-br\/"]}]},{"@type":"BreadcrumbList","@id":"https:\/\/southerntradebureau.com\/pt-br\/#breadcrumb","itemListElement":[{"@type":"ListItem","position":1,"name":"Home","item":"https:\/\/southerntradebureau.com\/pt-br\/inicio\/"},{"@type":"ListItem","position":2,"name":"Inicio"}]},{"@type":"WebSite","@id":"https:\/\/southerntradebureau.com\/pt-br\/#website","url":"https:\/\/southerntradebureau.com\/pt-br\/","name":"Southern Trade Bureau","description":"","potentialAction":[{"@type":"SearchAction","target":{"@type":"EntryPoint","urlTemplate":"https:\/\/southerntradebureau.com\/pt-br\/?s={search_term_string}"},"query-input":"required name=search_term_string"}],"inLanguage":"pt-BR"}]}},"_links":{"self":[{"href":"https:\/\/southerntradebureau.com\/pt-br\/wp-json\/wp\/v2\/pages\/211","targetHints":{"allow":["GET"]}}],"collection":[{"href":"https:\/\/southerntradebureau.com\/pt-br\/wp-json\/wp\/v2\/pages"}],"about":[{"href":"https:\/\/southerntradebureau.com\/pt-br\/wp-json\/wp\/v2\/types\/page"}],"author":[{"embeddable":true,"href":"https:\/\/southerntradebureau.com\/pt-br\/wp-json\/wp\/v2\/users\/1"}],"replies":[{"embeddable":true,"href":"https:\/\/southerntradebureau.com\/pt-br\/wp-json\/wp\/v2\/comments?post=211"}],"version-history":[{"count":20,"href":"https:\/\/southerntradebureau.com\/pt-br\/wp-json\/wp\/v2\/pages\/211\/revisions"}],"predecessor-version":[{"id":258,"href":"https:\/\/southerntradebureau.com\/pt-br\/wp-json\/wp\/v2\/pages\/211\/revisions\/258"}],"wp:attachment":[{"href":"https:\/\/southerntradebureau.com\/pt-br\/wp-json\/wp\/v2\/media?parent=211"}],"curies":[{"name":"wp","href":"https:\/\/api.w.org\/{rel}","templated":true}]}}